{"id":1537,"date":"2025-07-06T11:17:23","date_gmt":"2025-07-06T11:17:23","guid":{"rendered":"https:\/\/libra.com.hr\/cookies\/"},"modified":"2025-07-24T10:16:52","modified_gmt":"2025-07-24T10:16:52","slug":"cookies","status":"publish","type":"page","link":"https:\/\/libra.com.hr\/en\/cookies\/","title":{"rendered":"Cookies"},"content":{"rendered":"\t\t<div data-elementor-type=\"wp-page\" data-elementor-id=\"1537\" class=\"elementor elementor-1537 elementor-1114\" data-elementor-post-type=\"page\">\n\t\t\t\t<div class=\"elementor-element elementor-element-5575e2e e-flex e-con-boxed e-con e-parent\" data-id=\"5575e2e\" data-element_type=\"container\" data-e-type=\"container\">\n\t\t\t\t\t<div class=\"e-con-inner\">\n\t\t\t\t<div class=\"elementor-element elementor-element-7bff6279 elementor-widget elementor-widget-text-editor\" data-id=\"7bff6279\" data-element_type=\"widget\" data-e-type=\"widget\" data-widget_type=\"text-editor.default\">\n\t\t\t\t<div class=\"elementor-widget-container\">\n\t\t\t\t\t\t\t\t\t<h2 class=\"wp-block-heading\">Cookie policy<\/h2><br><br><br>Cookies and other tracking technologies may be used on the Libra website in various ways, for example to ensure the site functions properly, to analyze traffic, and more.<br><br><br><br><br><h2 class=\"wp-block-heading\"><strong>\u0160to su kola\u010di\u0107i (eng. cookies)?<\/strong><\/h2><br><br><br>A cookie is a small data file that a website stores on a visitor\u2019s computer or mobile device. A cookie allows the website to \u201cremember\u201d the visitor\u2019s actions from previous visits. Most browsers allow the use of cookies, but users can delete them at any time or set their browser to block them.<br data-start=\"598\" data-end=\"601\" \/>The most common reasons for using cookies are: identifying visitors, remembering specific user preferences, assisting with form inputs that were previously entered, collecting data for analytics, and for marketing campaigns.<br><br><br><br><br><h2 class=\"wp-block-heading\">Cookies can be classified as:<\/h2><br><br><br>Session cookies \u2013 These are stored temporarily and deleted automatically after closing the web browser. They allow the website to access temporary data, such as comments or the contents of a shopping cart.<br><br>Persistent cookies \u2013 These remain in your web browser even after it is closed and usually have an expiration date.<br><h2 class=\"wp-block-heading\">What are first-party cookies?<\/h2><br><br><br>These come from the website you visited and can be either session or persistent. They allow websites to save data that is used when the user returns to the site.<br><br><br><h2 class=\"wp-block-heading\">What are third-party cookies?<\/h2><br><br><br>There are several external services (such as Facebook, Instagram, Google Analytics, and AdWords) that store limited cookies on the user\u2019s device. These cookies are not set by Libra d.o.o. and are usually used to help interpret user behavior or for marketing purposes.<br><h2 class=\"wp-block-heading\">What are your options?<\/h2><br><br><br>In the settings of your browser, such as Internet Explorer, Safari, Firefox, or Chrome, you can choose which cookies to accept or reject. Where you find these settings depends on the type of browser you use. Use the \u201chelp\u201d option in your browser to locate the settings you need.<br><br>If you choose not to accept certain cookies, you may not be able to use some features of the website.<br><br><br><br>\t\t\t\t\t\t\t\t<\/div>\n\t\t\t\t<\/div>\n\t\t\t\t\t<\/div>\n\t\t\t\t<\/div>\n\t\t\t\t<\/div>\n\t\t","protected":false},"excerpt":{"rendered":"<p>Cookie policy Cookies and other tracking technologies may be used on the Libra website in various ways, for example to ensure the site functions properly, to analyze traffic, and more. \u0160to su kola\u010di\u0107i (eng. cookies)? A cookie is a small data file that a website stores on a visitor\u2019s computer or mobile device. A cookie [&hellip;]<\/p>\n","protected":false},"author":1,"featured_media":0,"parent":0,"menu_order":0,"comment_status":"closed","ping_status":"closed","template":"","meta":{"footnotes":""},"class_list":["post-1537","page","type-page","status-publish","hentry"],"_links":{"self":[{"href":"https:\/\/libra.com.hr\/en\/wp-json\/wp\/v2\/pages\/1537","targetHints":{"allow":["GET"]}}],"collection":[{"href":"https:\/\/libra.com.hr\/en\/wp-json\/wp\/v2\/pages"}],"about":[{"href":"https:\/\/libra.com.hr\/en\/wp-json\/wp\/v2\/types\/page"}],"author":[{"embeddable":true,"href":"https:\/\/libra.com.hr\/en\/wp-json\/wp\/v2\/users\/1"}],"replies":[{"embeddable":true,"href":"https:\/\/libra.com.hr\/en\/wp-json\/wp\/v2\/comments?post=1537"}],"version-history":[{"count":5,"href":"https:\/\/libra.com.hr\/en\/wp-json\/wp\/v2\/pages\/1537\/revisions"}],"predecessor-version":[{"id":1543,"href":"https:\/\/libra.com.hr\/en\/wp-json\/wp\/v2\/pages\/1537\/revisions\/1543"}],"wp:attachment":[{"href":"https:\/\/libra.com.hr\/en\/wp-json\/wp\/v2\/media?parent=1537"}],"curies":[{"name":"wp","href":"https:\/\/api.w.org\/{rel}","templated":true}]}}